{"id":1362,"date":"2021-03-03T02:25:52","date_gmt":"2021-03-03T01:25:52","guid":{"rendered":"https:\/\/mariobenedetti.it\/biografia\/"},"modified":"2022-05-24T17:53:20","modified_gmt":"2022-05-24T15:53:20","slug":"biografia","status":"publish","type":"page","link":"https:\/\/mariobenedetti.it\/es\/biografia\/","title":{"rendered":"Biograf\u00eda"},"content":{"rendered":"\t\t<div data-elementor-type=\"wp-page\" data-elementor-id=\"1362\" class=\"elementor elementor-1362 elementor-394\">\n\t\t\t\t\t\t<section class=\"elementor-section elementor-top-section elementor-element elementor-element-d8d5da8 elementor-section-boxed elementor-section-height-default elementor-section-height-default\" data-id=\"d8d5da8\" data-element_type=\"section\" data-e-type=\"section\">\n\t\t\t\t\t\t<div class=\"elementor-container elementor-column-gap-no\">\n\t\t\t\t\t<div class=\"elementor-column elementor-col-100 elementor-top-column elementor-element elementor-element-5d02d36\" data-id=\"5d02d36\" data-element_type=\"column\" data-e-type=\"column\">\n\t\t\t<div class=\"elementor-widget-wrap elementor-element-populated\">\n\t\t\t\t\t\t<div class=\"elementor-element elementor-element-c797f68 elementor-widget elementor-widget-heading\" data-id=\"c797f68\" data-element_type=\"widget\" data-e-type=\"widget\" data-widget_type=\"heading.default\">\n\t\t\t\t<div class=\"elementor-widget-container\">\n\t\t\t\t\t<h1 class=\"elementor-heading-title elementor-size-default\">Biograf\u00eda<\/h1>\t\t\t\t<\/div>\n\t\t\t\t<\/div>\n\t\t\t\t<div class=\"elementor-element elementor-element-5d74256 elementor-widget elementor-widget-image\" data-id=\"5d74256\" data-element_type=\"widget\" data-e-type=\"widget\" data-widget_type=\"image.default\">\n\t\t\t\t<div class=\"elementor-widget-container\">\n\t\t\t\t\t\t\t\t\t\t\t\t\t\t\t<img fetchpriority=\"high\" decoding=\"async\" width=\"1500\" height=\"1000\" src=\"https:\/\/mariobenedetti.it\/wp-content\/uploads\/2022\/02\/ritratto_sito-02.jpg\" class=\"attachment-full size-full wp-image-1137\" alt=\"\" srcset=\"https:\/\/mariobenedetti.it\/wp-content\/uploads\/2022\/02\/ritratto_sito-02.jpg 1500w, https:\/\/mariobenedetti.it\/wp-content\/uploads\/2022\/02\/ritratto_sito-02-300x200.jpg 300w, https:\/\/mariobenedetti.it\/wp-content\/uploads\/2022\/02\/ritratto_sito-02-1024x683.jpg 1024w, https:\/\/mariobenedetti.it\/wp-content\/uploads\/2022\/02\/ritratto_sito-02-768x512.jpg 768w\" sizes=\"(max-width: 1500px) 100vw, 1500px\" \/>\t\t\t\t\t\t\t\t\t\t\t\t\t\t\t<\/div>\n\t\t\t\t<\/div>\n\t\t\t\t\t<\/div>\n\t\t<\/div>\n\t\t\t\t\t<\/div>\n\t\t<\/section>\n\t\t\t\t<section class=\"elementor-section elementor-top-section elementor-element elementor-element-87cad40 elementor-section-boxed elementor-section-height-default elementor-section-height-default\" data-id=\"87cad40\" data-element_type=\"section\" data-e-type=\"section\">\n\t\t\t\t\t\t<div class=\"elementor-container elementor-column-gap-default\">\n\t\t\t\t\t<div class=\"elementor-column elementor-col-100 elementor-top-column elementor-element elementor-element-cc8312c\" data-id=\"cc8312c\" data-element_type=\"column\" data-e-type=\"column\">\n\t\t\t<div class=\"elementor-widget-wrap elementor-element-populated\">\n\t\t\t\t\t\t<div class=\"elementor-element elementor-element-a6633ba elementor-widget elementor-widget-heading\" data-id=\"a6633ba\" data-element_type=\"widget\" data-e-type=\"widget\" data-widget_type=\"heading.default\">\n\t\t\t\t<div class=\"elementor-widget-container\">\n\t\t\t\t\t<h2 class=\"elementor-heading-title elementor-size-default\">Biograf\u00eda<\/h2>\t\t\t\t<\/div>\n\t\t\t\t<\/div>\n\t\t\t\t<div class=\"elementor-element elementor-element-a9fd274 elementor-widget elementor-widget-text-editor\" data-id=\"a9fd274\" data-element_type=\"widget\" data-e-type=\"widget\" data-widget_type=\"text-editor.default\">\n\t\t\t\t<div class=\"elementor-widget-container\">\n\t\t\t\t\t\t\t\t\t<b>Mario Benedetti<\/b> naci\u00f3 en Terni en 1938. Termin\u00f3 sus estudios en Mil\u00e1n. Ha estado presente con su actividad expositiva en galer\u00edas y museos en Italia y el extranjero. Particularmente en Dinamarca, Alemania, Espa\u00f1a, Brasil y M\u00e9xico.\r\n\r\nEntre las exposiciones individuales m\u00e1s importantes se encuentran: Galleria Martano, Torino; Galleria Lorenzelli, Bergamo; Galleria Milano, Mil\u00e1n; MARGS \u2013 Museu de Arte do Rio Grande do Sul, Porto Alegre; MASP \u2013 Museu de Arte Assis Chateaubriand, Sao Paolo, y el MAM- Museu de Arte Moderna, Rio de Janeiro. GAMEC \u2013 Galleria d\u2019Arte Moderna e Contemporanea di Bergamo, Bergamo; Fondazione Mudima, Mil\u00e1n; Museo Nacional de la Estampa en la Ciudad de M\u00e9xico; MART \u2013 Museo delle Albere, Trento, y Museo Civico Ala Ponzone, Cremona, entre otras. Tambi\u00e9n ha realizado obras aplicadas a la arquitectura, utilizando varios materiales como cemento, cer\u00e1mica, plomo, fierro, barro, bronce y vidrio.\r\n\r\nEn el campo de la calcograf\u00eda, Benedetti ha realizado obras de grande formato en el laboratorio Niels Borgh Jensen en Copenhagen, y en Grafica Uno de Giorgio Upiglio en Mil\u00e1n.\r\n\r\nActualmente vive y trabaja en Bergamo y Mil\u00e1n donde ha desempe\u00f1ado la titularidad de la c\u00e1tedra de T\u00e9cnicas del Grabado en la Academia de Bellas Artes de Brera.\r\n<div><\/div>\t\t\t\t\t\t\t\t<\/div>\n\t\t\t\t<\/div>\n\t\t\t\t\t<\/div>\n\t\t<\/div>\n\t\t\t\t\t<\/div>\n\t\t<\/section>\n\t\t\t\t<section class=\"elementor-section elementor-top-section elementor-element elementor-element-96fd6ce elementor-section-boxed elementor-section-height-default elementor-section-height-default\" data-id=\"96fd6ce\" data-element_type=\"section\" data-e-type=\"section\">\n\t\t\t\t\t\t<div class=\"elementor-container elementor-column-gap-default\">\n\t\t\t\t\t<div class=\"elementor-column elementor-col-100 elementor-top-column elementor-element elementor-element-9bd3ed9\" data-id=\"9bd3ed9\" data-element_type=\"column\" data-e-type=\"column\">\n\t\t\t<div class=\"elementor-widget-wrap elementor-element-populated\">\n\t\t\t\t\t\t<div class=\"elementor-element elementor-element-7a4833a elementor-drop-cap-yes elementor-drop-cap-view-default elementor-widget elementor-widget-text-editor\" data-id=\"7a4833a\" data-element_type=\"widget\" data-e-type=\"widget\" data-settings=\"{&quot;drop_cap&quot;:&quot;yes&quot;}\" data-widget_type=\"text-editor.default\">\n\t\t\t\t<div class=\"elementor-widget-container\">\n\t\t\t\t\t\t\t\t\t<blockquote><em>La elecci\u00f3n de los instrumentos y de lo metodolog\u00edas operativas referentes a la realizaci\u00f3n de mis obras dependen de muchos factores, como el proyecto, las dimensiones, el g\u00e9nero o la ubicaci\u00f3n de la obra. Cuando pinto, esculpo, hago grabado, o dibujo, busco el contacto directo con la materia y mi forma de hacer esta, por tanto, determinada por una precisa voluntad e instinto que inducen tambi\u00e9n a la elecci\u00f3n del material que despu\u00e9s utilizar\u00e9. En la fase de elaboraci\u00f3n entran, a menudo, otros imprevistos, pero es cuando la casualidad dirige mi hacer cuando se vuelve indispensable para mi decidir como finalizarla y cuando cerrarla, y todo esto determina elecciones alternativas, nuevos modos de proceder, nuevos materiales e instrumentos. \u2026<\/em>\r\n<p style=\"text-align: right;\"><em>Mario Benedetti 2014<\/em><\/p>\r\n<\/blockquote>\t\t\t\t\t\t\t\t<\/div>\n\t\t\t\t<\/div>\n\t\t\t\t\t<\/div>\n\t\t<\/div>\n\t\t\t\t\t<\/div>\n\t\t<\/section>\n\t\t\t\t<\/div>\n\t\t","protected":false},"excerpt":{"rendered":"<p>Biograf\u00eda Biograf\u00eda Mario Benedetti naci\u00f3 en Terni en 1938. Termin\u00f3 sus estudios en Mil\u00e1n. Ha estado presente con su actividad expositiva en galer\u00edas y museos en Italia y el extranjero. Particularmente en Dinamarca, Alemania, Espa\u00f1a, Brasil y M\u00e9xico. Entre las exposiciones individuales m\u00e1s importantes se encuentran: Galleria Martano, Torino; Galleria Lorenzelli, Bergamo; Galleria Milano, Mil\u00e1n; [&hellip;]<\/p>\n","protected":false},"author":1,"featured_media":0,"parent":0,"menu_order":0,"comment_status":"closed","ping_status":"closed","template":"","meta":{"site-sidebar-layout":"no-sidebar","site-content-layout":"page-builder","ast-site-content-layout":"default","site-content-style":"default","site-sidebar-style":"default","ast-global-header-display":"","ast-banner-title-visibility":"","ast-main-header-display":"","ast-hfb-above-header-display":"","ast-hfb-below-header-display":"","ast-hfb-mobile-header-display":"","site-post-title":"disabled","ast-breadcrumbs-content":"disabled","ast-featured-img":"disabled","footer-sml-layout":"","ast-disable-related-posts":"","theme-transparent-header-meta":"enabled","adv-header-id-meta":"","stick-header-meta":"","header-above-stick-meta":"","header-main-stick-meta":"","header-below-stick-meta":"","astra-migrate-meta-layouts":"default","ast-page-background-enabled":"default","ast-page-background-meta":{"desktop":{"background-color":"","background-image":"","background-repeat":"repeat","background-position":"center center","background-size":"auto","background-attachment":"scroll","background-type":"","background-media":"","overlay-type":"","overlay-color":"","overlay-opacity":"","overlay-gradient":""},"tablet":{"background-color":"","background-image":"","background-repeat":"repeat","background-position":"center center","background-size":"auto","background-attachment":"scroll","background-type":"","background-media":"","overlay-type":"","overlay-color":"","overlay-opacity":"","overlay-gradient":""},"mobile":{"background-color":"","background-image":"","background-repeat":"repeat","background-position":"center center","background-size":"auto","background-attachment":"scroll","background-type":"","background-media":"","overlay-type":"","overlay-color":"","overlay-opacity":"","overlay-gradient":""}},"ast-content-background-meta":{"desktop":{"background-color":"var(--ast-global-color-5)","background-image":"","background-repeat":"repeat","background-position":"center center","background-size":"auto","background-attachment":"scroll","background-type":"","background-media":"","overlay-type":"","overlay-color":"","overlay-opacity":"","overlay-gradient":""},"tablet":{"background-color":"var(--ast-global-color-5)","background-image":"","background-repeat":"repeat","background-position":"center center","background-size":"auto","background-attachment":"scroll","background-type":"","background-media":"","overlay-type":"","overlay-color":"","overlay-opacity":"","overlay-gradient":""},"mobile":{"background-color":"var(--ast-global-color-5)","background-image":"","background-repeat":"repeat","background-position":"center center","background-size":"auto","background-attachment":"scroll","background-type":"","background-media":"","overlay-type":"","overlay-color":"","overlay-opacity":"","overlay-gradient":""}},"footnotes":""},"class_list":["post-1362","page","type-page","status-publish","hentry"],"builder_content":"","_links":{"self":[{"href":"https:\/\/mariobenedetti.it\/es\/wp-json\/wp\/v2\/pages\/1362","targetHints":{"allow":["GET"]}}],"collection":[{"href":"https:\/\/mariobenedetti.it\/es\/wp-json\/wp\/v2\/pages"}],"about":[{"href":"https:\/\/mariobenedetti.it\/es\/wp-json\/wp\/v2\/types\/page"}],"author":[{"embeddable":true,"href":"https:\/\/mariobenedetti.it\/es\/wp-json\/wp\/v2\/users\/1"}],"replies":[{"embeddable":true,"href":"https:\/\/mariobenedetti.it\/es\/wp-json\/wp\/v2\/comments?post=1362"}],"version-history":[{"count":2,"href":"https:\/\/mariobenedetti.it\/es\/wp-json\/wp\/v2\/pages\/1362\/revisions"}],"predecessor-version":[{"id":1731,"href":"https:\/\/mariobenedetti.it\/es\/wp-json\/wp\/v2\/pages\/1362\/revisions\/1731"}],"wp:attachment":[{"href":"https:\/\/mariobenedetti.it\/es\/wp-json\/wp\/v2\/media?parent=1362"}],"curies":[{"name":"wp","href":"https:\/\/api.w.org\/{rel}","templated":true}]}}